{"id":871,"date":"2023-12-01T11:14:40","date_gmt":"2023-12-01T09:14:40","guid":{"rendered":"https:\/\/economiasbioregionales.org\/?page_id=871"},"modified":"2023-12-01T11:16:17","modified_gmt":"2023-12-01T09:16:17","slug":"accesibilidad","status":"publish","type":"page","link":"https:\/\/economiasbioregionales.org\/en\/accesibilidad\/","title":{"rendered":"Accessibility"},"content":{"rendered":"<p>[et_pb_section fb_built=\u00bb1&#8243; theme_builder_area=\u00bbpost_content\u00bb _builder_version=\u00bb4.23&#8243; _module_preset=\u00bbdefault\u00bb][et_pb_row _builder_version=\u00bb4.23&#8243; _module_preset=\u00bbdefault\u00bb theme_builder_area=\u00bbpost_content\u00bb][et_pb_column _builder_version=\u00bb4.23&#8243; _module_preset=\u00bbdefault\u00bb type=\u00bb4_4&#8243; theme_builder_area=\u00bbpost_content\u00bb][et_pb_text _builder_version=\u00bb4.23&#8243; _module_preset=\u00bbdefault\u00bb theme_builder_area=\u00bbpost_content\u00bb hover_enabled=\u00bb0&#8243; sticky_enabled=\u00bb0&#8243;]<\/p>\n<h1>Accessibility<\/h1>\n<p>La accesibilidad web se refiere a la pr\u00e1ctica de hacer sitios web accesibles a todos los usuarios, independientemente de sus capacidades f\u00edsicas, mentales, tecnol\u00f3gicas y culturales. Los sitios web deben estar dise\u00f1ados tambi\u00e9n para que personas con cualquier tipo de discapacidad puedan acceder, leer y usar su contenido. \u00bfC\u00f3mo lo conseguimos?. Combinando elementos de programaci\u00f3n, etiquetado de contenido y estilos de dise\u00f1o. Gracias a eso conseguimos una personalizaci\u00f3n de la experiencia del usuario.<\/p>\n<p>Nos comprometemos a ofrecer una web accesible para todos. Hemos seguido todas las recomendaciones de la Web Content Accessibility Guidelines (WCAG) 2.0 y hemos logrado el nivel de cumplimiento con doble AA.<\/p>\n<p>Hemos dise\u00f1ado esta p\u00e1gina web para que sea f\u00e1cil de usar para todos los usuarios. Hemos seguido los principios de dise\u00f1o universal para proporcionar una experiencia de usuario satisfactoria para todos e implementado una variedad de medidas para garantizar que la informaci\u00f3n sea accesible para todos. Por \u00faltimo, para verificar estas condiciones hemos testeado la web con Tawdis o con la extensi\u00f3n Wave Evaluation tool<\/p>\n<p>[\/et_pb_text][\/et_pb_column][\/et_pb_row][\/et_pb_section]<\/p>","protected":false},"excerpt":{"rendered":"<p>Accesibilidad La accesibilidad web se refiere a la pr\u00e1ctica de hacer sitios web accesibles a todos los usuarios, independientemente de sus capacidades f\u00edsicas, mentales, tecnol\u00f3gicas y culturales. Los sitios web deben estar dise\u00f1ados tambi\u00e9n para que personas con cualquier tipo de discapacidad puedan acceder, leer y usar su contenido. \u00bfC\u00f3mo lo conseguimos?. Combinando elementos de [&hellip;]<\/p>","protected":false},"author":8,"featured_media":0,"parent":0,"menu_order":0,"comment_status":"closed","ping_status":"closed","template":"","meta":{"_et_pb_use_builder":"on","_et_pb_old_content":"","_et_gb_content_width":"","footnotes":""},"class_list":["post-871","page","type-page","status-publish","hentry"],"yoast_head":"<!-- This site is optimized with the Yoast SEO plugin v24.5 - https:\/\/yoast.com\/wordpress\/plugins\/seo\/ -->\n<title>Accesibilidad - Econom\u00edas BioRegionales<\/title>\n<meta name=\"robots\" content=\"index, follow, max-snippet:-1, max-image-preview:large, max-video-preview:-1\" \/>\n<link rel=\"canonical\" href=\"https:\/\/economiasbioregionales.org\/en\/accesibilidad\/\" \/>\n<meta property=\"og:locale\" content=\"en_GB\" \/>\n<meta property=\"og:type\" content=\"article\" \/>\n<meta property=\"og:title\" content=\"Accesibilidad - Econom\u00edas BioRegionales\" \/>\n<meta property=\"og:description\" content=\"Accesibilidad La accesibilidad web se refiere a la pr\u00e1ctica de hacer sitios web accesibles a todos los usuarios, independientemente de sus capacidades f\u00edsicas, mentales, tecnol\u00f3gicas y culturales. Los sitios web deben estar dise\u00f1ados tambi\u00e9n para que personas con cualquier tipo de discapacidad puedan acceder, leer y usar su contenido. \u00bfC\u00f3mo lo conseguimos?. Combinando elementos de [&hellip;]\" \/>\n<meta property=\"og:url\" content=\"https:\/\/economiasbioregionales.org\/en\/accesibilidad\/\" \/>\n<meta property=\"og:site_name\" content=\"Econom\u00edas BioRegionales\" \/>\n<meta property=\"article:publisher\" content=\"https:\/\/www.facebook.com\/EconomiasBioRegionales\/\" \/>\n<meta property=\"article:modified_time\" content=\"2023-12-01T09:16:17+00:00\" \/>\n<meta name=\"twitter:card\" content=\"summary_large_image\" \/>\n<meta name=\"twitter:site\" content=\"@E_BioReg\" \/>\n<meta name=\"twitter:label1\" content=\"Estimated reading time\" \/>\n\t<meta name=\"twitter:data1\" content=\"1 minute\" \/>\n<script type=\"application\/ld+json\" class=\"yoast-schema-graph\">{\"@context\":\"https:\/\/schema.org\",\"@graph\":[{\"@type\":\"WebPage\",\"@id\":\"https:\/\/economiasbioregionales.org\/accesibilidad\/\",\"url\":\"https:\/\/economiasbioregionales.org\/accesibilidad\/\",\"name\":\"Accesibilidad - Econom\u00edas BioRegionales\",\"isPartOf\":{\"@id\":\"https:\/\/economiasbioregionales.org\/#website\"},\"datePublished\":\"2023-12-01T09:14:40+00:00\",\"dateModified\":\"2023-12-01T09:16:17+00:00\",\"breadcrumb\":{\"@id\":\"https:\/\/economiasbioregionales.org\/accesibilidad\/#breadcrumb\"},\"inLanguage\":\"en-GB\",\"potentialAction\":[{\"@type\":\"ReadAction\",\"target\":[\"https:\/\/economiasbioregionales.org\/accesibilidad\/\"]}]},{\"@type\":\"BreadcrumbList\",\"@id\":\"https:\/\/economiasbioregionales.org\/accesibilidad\/#breadcrumb\",\"itemListElement\":[{\"@type\":\"ListItem\",\"position\":1,\"name\":\"EBR\",\"item\":\"https:\/\/economiasbioregionales.org\/\"},{\"@type\":\"ListItem\",\"position\":2,\"name\":\"Accesibilidad\"}]},{\"@type\":\"WebSite\",\"@id\":\"https:\/\/economiasbioregionales.org\/#website\",\"url\":\"https:\/\/economiasbioregionales.org\/\",\"name\":\"Econom\u00edas BioRegionales\",\"description\":\"Econom\u00eda circular, sistemas alimentarios locales, monedas sociales, comunicaci\u00f3n y comunidad\",\"publisher\":{\"@id\":\"https:\/\/economiasbioregionales.org\/#organization\"},\"potentialAction\":[{\"@type\":\"SearchAction\",\"target\":{\"@type\":\"EntryPoint\",\"urlTemplate\":\"https:\/\/economiasbioregionales.org\/?s={search_term_string}\"},\"query-input\":{\"@type\":\"PropertyValueSpecification\",\"valueRequired\":true,\"valueName\":\"search_term_string\"}}],\"inLanguage\":\"en-GB\"},{\"@type\":\"Organization\",\"@id\":\"https:\/\/economiasbioregionales.org\/#organization\",\"name\":\"Econom\u00edas BioRegionales\",\"url\":\"https:\/\/economiasbioregionales.org\/\",\"logo\":{\"@type\":\"ImageObject\",\"inLanguage\":\"en-GB\",\"@id\":\"https:\/\/economiasbioregionales.org\/#\/schema\/logo\/image\/\",\"url\":\"https:\/\/economiasbioregionales.org\/wp-content\/uploads\/2017\/11\/eBR_cabecera-e1515058375551.png\",\"contentUrl\":\"https:\/\/economiasbioregionales.org\/wp-content\/uploads\/2017\/11\/eBR_cabecera-e1515058375551.png\",\"width\":361,\"height\":168,\"caption\":\"Econom\u00edas BioRegionales\"},\"image\":{\"@id\":\"https:\/\/economiasbioregionales.org\/#\/schema\/logo\/image\/\"},\"sameAs\":[\"https:\/\/www.facebook.com\/EconomiasBioRegionales\/\",\"https:\/\/x.com\/E_BioReg\",\"https:\/\/www.linkedin.com\/company\/economiaseioregionales\/\"]}]}<\/script>\n<!-- \/ Yoast SEO plugin. -->","yoast_head_json":{"title":"Accesibilidad - Econom\u00edas BioRegionales","robots":{"index":"index","follow":"follow","max-snippet":"max-snippet:-1","max-image-preview":"max-image-preview:large","max-video-preview":"max-video-preview:-1"},"canonical":"https:\/\/economiasbioregionales.org\/en\/accesibilidad\/","og_locale":"en_GB","og_type":"article","og_title":"Accesibilidad - Econom\u00edas BioRegionales","og_description":"Accesibilidad La accesibilidad web se refiere a la pr\u00e1ctica de hacer sitios web accesibles a todos los usuarios, independientemente de sus capacidades f\u00edsicas, mentales, tecnol\u00f3gicas y culturales. Los sitios web deben estar dise\u00f1ados tambi\u00e9n para que personas con cualquier tipo de discapacidad puedan acceder, leer y usar su contenido. \u00bfC\u00f3mo lo conseguimos?. Combinando elementos de [&hellip;]","og_url":"https:\/\/economiasbioregionales.org\/en\/accesibilidad\/","og_site_name":"Econom\u00edas BioRegionales","article_publisher":"https:\/\/www.facebook.com\/EconomiasBioRegionales\/","article_modified_time":"2023-12-01T09:16:17+00:00","twitter_card":"summary_large_image","twitter_site":"@E_BioReg","twitter_misc":{"Estimated reading time":"1 minute"},"schema":{"@context":"https:\/\/schema.org","@graph":[{"@type":"WebPage","@id":"https:\/\/economiasbioregionales.org\/accesibilidad\/","url":"https:\/\/economiasbioregionales.org\/accesibilidad\/","name":"Accesibilidad - Econom\u00edas BioRegionales","isPartOf":{"@id":"https:\/\/economiasbioregionales.org\/#website"},"datePublished":"2023-12-01T09:14:40+00:00","dateModified":"2023-12-01T09:16:17+00:00","breadcrumb":{"@id":"https:\/\/economiasbioregionales.org\/accesibilidad\/#breadcrumb"},"inLanguage":"en-GB","potentialAction":[{"@type":"ReadAction","target":["https:\/\/economiasbioregionales.org\/accesibilidad\/"]}]},{"@type":"BreadcrumbList","@id":"https:\/\/economiasbioregionales.org\/accesibilidad\/#breadcrumb","itemListElement":[{"@type":"ListItem","position":1,"name":"EBR","item":"https:\/\/economiasbioregionales.org\/"},{"@type":"ListItem","position":2,"name":"Accesibilidad"}]},{"@type":"WebSite","@id":"https:\/\/economiasbioregionales.org\/#website","url":"https:\/\/economiasbioregionales.org\/","name":"Econom\u00edas BioRegionales","description":"Econom\u00eda circular, sistemas alimentarios locales, monedas sociales, comunicaci\u00f3n y comunidad","publisher":{"@id":"https:\/\/economiasbioregionales.org\/#organization"},"potentialAction":[{"@type":"SearchAction","target":{"@type":"EntryPoint","urlTemplate":"https:\/\/economiasbioregionales.org\/?s={search_term_string}"},"query-input":{"@type":"PropertyValueSpecification","valueRequired":true,"valueName":"search_term_string"}}],"inLanguage":"en-GB"},{"@type":"Organization","@id":"https:\/\/economiasbioregionales.org\/#organization","name":"Econom\u00edas BioRegionales","url":"https:\/\/economiasbioregionales.org\/","logo":{"@type":"ImageObject","inLanguage":"en-GB","@id":"https:\/\/economiasbioregionales.org\/#\/schema\/logo\/image\/","url":"https:\/\/economiasbioregionales.org\/wp-content\/uploads\/2017\/11\/eBR_cabecera-e1515058375551.png","contentUrl":"https:\/\/economiasbioregionales.org\/wp-content\/uploads\/2017\/11\/eBR_cabecera-e1515058375551.png","width":361,"height":168,"caption":"Econom\u00edas BioRegionales"},"image":{"@id":"https:\/\/economiasbioregionales.org\/#\/schema\/logo\/image\/"},"sameAs":["https:\/\/www.facebook.com\/EconomiasBioRegionales\/","https:\/\/x.com\/E_BioReg","https:\/\/www.linkedin.com\/company\/economiaseioregionales\/"]}]}},"_links":{"self":[{"href":"https:\/\/economiasbioregionales.org\/en\/wp-json\/wp\/v2\/pages\/871","targetHints":{"allow":["GET"]}}],"collection":[{"href":"https:\/\/economiasbioregionales.org\/en\/wp-json\/wp\/v2\/pages"}],"about":[{"href":"https:\/\/economiasbioregionales.org\/en\/wp-json\/wp\/v2\/types\/page"}],"author":[{"embeddable":true,"href":"https:\/\/economiasbioregionales.org\/en\/wp-json\/wp\/v2\/users\/8"}],"replies":[{"embeddable":true,"href":"https:\/\/economiasbioregionales.org\/en\/wp-json\/wp\/v2\/comments?post=871"}],"version-history":[{"count":2,"href":"https:\/\/economiasbioregionales.org\/en\/wp-json\/wp\/v2\/pages\/871\/revisions"}],"predecessor-version":[{"id":874,"href":"https:\/\/economiasbioregionales.org\/en\/wp-json\/wp\/v2\/pages\/871\/revisions\/874"}],"wp:attachment":[{"href":"https:\/\/economiasbioregionales.org\/en\/wp-json\/wp\/v2\/media?parent=871"}],"curies":[{"name":"wp","href":"https:\/\/api.w.org\/{rel}","templated":true}]}}